{"id":11327,"date":"2026-04-02T07:34:48","date_gmt":"2026-04-02T04:34:48","guid":{"rendered":"https:\/\/shop.girupis.lt\/?post_type=product&#038;p=11327"},"modified":"2026-04-02T07:37:20","modified_gmt":"2026-04-02T04:37:20","slug":"auksto-daznio-ikroviklis-atib-hfzd-48v30a","status":"publish","type":"product","link":"https:\/\/shop.girupis.lt\/en\/shop\/auksto-daznio-ikroviklis-atib-hfzd-48v30a\/","title":{"rendered":"Auk\u0161to da\u017enio \u012fkroviklis ATIB HFZD 48V30A"},"content":{"rendered":"<p>The charger is sold without battery forks!<\/p>\n<p>We always recommend using these chargers in high-intensity conditions: when working 2-3 shifts per day or in aggressive conditions (e.g. in a fridge).<br id=\"null\" \/><br id=\"null\" \/>High-frequency chargers differ from standard chargers both in technology and charging profile (algorithm). Technologically, they have a high-frequency transformer, resulting in a much smaller footprint. In addition, the current rectification is also technologically implemented on a different principle, so that in reality every step of the charger's operation (i.e. from voltage step-down to current rectification) can be fully controlled, allowing the use of a variety of charging profiles.<br id=\"null\" \/>However, it should be noted that the use of all these advantages only makes sense when working more than 1 shift per day: in this way, one can expect to save about 15% in energy costs and hope to keep the battery life as long as possible.<br id=\"null\" \/><br id=\"null\" \/>The algorithm of high-frequency chargers differs in particular in that they try to maintain a moderate constant charging current in the 1st charging phase until the gaseous phase is reached (i.e. when electrolysis of the electrolyte starts due to the minimum required current density in the battery being reached at the time of charge). High frequency chargers therefore operate at lower currents, which is much \u201ehealthier\u201d for the battery when working in multiple shifts (for a number of technological reasons) and results in a faster charge, as the average shows that the battery has reached a higher kWh in the same amount of time than with a conventional charger. In addition, it has been delivered in a more technologically efficient way. It is true that 3-phase high-frequency chargers work with a slightly different algorithm - a linearly decreasing current principle in the 1st charging phase - so it is always necessary to assess the circumstances of the specific algorithm required for a particular battery.<br id=\"null\" \/><br id=\"null\" \/>ATIB also provides a wide range of possible charging algorithms for different types of batteries - acid, gel, even lithium-ion, and it is possible to adjust charging profiles according to the manufacturer's requirements and the aggressiveness of the working conditions (i.e. when working in cold or hot conditions), etc.<\/p>\n<p>It is also important to note that high-frequency chargers are technologically different from current inverters and can only be used to charge acid or gel batteries!<\/p>","protected":false},"excerpt":{"rendered":"<p>These chargers are more energy efficient. During charging, the electric current is made up of individually modulated (on demand) DC pulses of different widths (hence the name high-frequency chargers), which results in a significantly lower heating of the battery being charged, as the average current is lower than with conventional chargers, while at the same time increasing the overall energy efficiency of the charging process, reducing adverse side effects such as water electrolysis and the formation of insoluble lead layers. Therefore, we always recommend the use of these chargers in high-intensity or aggressive working conditions.<\/p>","protected":false},"featured_media":5018,"template":"","meta":{"_acf_changed":false,"_monsterinsights_skip_tracking":false,"_monsterinsights_sitenote_active":false,"_monsterinsights_sitenote_note":"","_monsterinsights_sitenote_category":0,"_uf_show_specific_survey":0,"_uf_disable_surveys":false},"product_brand":[],"product_cat":[136],"product_tag":[],"class_list":{"0":"post-11327","1":"product","2":"type-product","3":"status-publish","4":"has-post-thumbnail","6":"product_cat-akumuliatoriu-ikrovikliai","8":"first","9":"instock","10":"taxable","11":"shipping-taxable","12":"purchasable","13":"product-type-simple"},"acf":[],"yoast_head":"<!-- This site is optimized with the Yoast SEO plugin v27.2 - https:\/\/yoast.com\/product\/yoast-seo-wordpress\/ -->\n<title>Auk\u0161to da\u017enio \u012fkroviklis ATIB HFZD 48V30A - shop.girupis.lt<\/title>\n<meta name=\"description\" content=\"\u0160ie \u012fkrovikliai yra energeti\u0161kai efektyvesni. Krovimo metu elektros srov\u0117 yra sudaryta i\u0161 individualiai (pagal poreik\u012f)\u00a0moduliuojam\u0173 skirting\u0173 plo\u010di\u0173 nuolatin\u0117s srov\u0117s impuls\u0173 (i\u0161 \u010dia ir pavadinimas \u2013 auk\u0161to da\u017enio \u012fkrovikliai), tod\u0117l kraunama baterija gerokai ma\u017eiau kaista, nes vidutin\u0117 srov\u0117 yra ma\u017eesn\u0117, negu kraunant su \u012fprastais \u012fkrovikliais, tuo pat metu padid\u0117ja bendras \u012fkrovimo proceso energetinis naudingumas, suma\u017e\u0117ja gretutiniai nepageidaujami rei\u0161kiniai, tokie kaip vandens elektroliz\u0117 ir netirpaus \u0161vino sluoksni\u0173 susidarymas. Tod\u0117l visuomet rekomenduojame \u0161iuos \u012fkroviklius naudoti esant didelio intensyvumo ar agresyviomis darbo\u00a0s\u0105lygomis.\" \/>\n<meta name=\"robots\" content=\"index, follow, max-snippet:-1, max-image-preview:large, max-video-preview:-1\" \/>\n<link rel=\"canonical\" href=\"https:\/\/shop.girupis.lt\/en\/shop\/auksto-daznio-ikroviklis-atib-hfzd-48v30a\/\" \/>\n<meta property=\"og:locale\" content=\"en_US\" \/>\n<meta property=\"og:type\" content=\"article\" \/>\n<meta property=\"og:title\" content=\"Auk\u0161to da\u017enio \u012fkroviklis ATIB HFZD 48V30A - shop.girupis.lt\" \/>\n<meta property=\"og:description\" content=\"\u0160ie \u012fkrovikliai yra energeti\u0161kai efektyvesni. Krovimo metu elektros srov\u0117 yra sudaryta i\u0161 individualiai (pagal poreik\u012f)\u00a0moduliuojam\u0173 skirting\u0173 plo\u010di\u0173 nuolatin\u0117s srov\u0117s impuls\u0173 (i\u0161 \u010dia ir pavadinimas \u2013 auk\u0161to da\u017enio \u012fkrovikliai), tod\u0117l kraunama baterija gerokai ma\u017eiau kaista, nes vidutin\u0117 srov\u0117 yra ma\u017eesn\u0117, negu kraunant su \u012fprastais \u012fkrovikliais, tuo pat metu padid\u0117ja bendras \u012fkrovimo proceso energetinis naudingumas, suma\u017e\u0117ja gretutiniai nepageidaujami rei\u0161kiniai, tokie kaip vandens elektroliz\u0117 ir netirpaus \u0161vino sluoksni\u0173 susidarymas. Tod\u0117l visuomet rekomenduojame \u0161iuos \u012fkroviklius naudoti esant didelio intensyvumo ar agresyviomis darbo\u00a0s\u0105lygomis.\" \/>\n<meta property=\"og:url\" content=\"https:\/\/shop.girupis.lt\/en\/shop\/auksto-daznio-ikroviklis-atib-hfzd-48v30a\/\" \/>\n<meta property=\"og:site_name\" content=\"shop.girupis.lt\" \/>\n<meta property=\"article:publisher\" content=\"https:\/\/www.facebook.com\/girupis.lt\/\" \/>\n<meta property=\"article:modified_time\" content=\"2026-04-02T04:37:20+00:00\" \/>\n<meta property=\"og:image\" content=\"https:\/\/shop.girupis.lt\/wp-content\/uploads\/2023\/08\/ATIB_HFZ_logo.jpg\" \/>\n\t<meta property=\"og:image:width\" content=\"400\" \/>\n\t<meta property=\"og:image:height\" content=\"400\" \/>\n\t<meta property=\"og:image:type\" content=\"image\/jpeg\" \/>\n<meta name=\"twitter:card\" content=\"summary_large_image\" \/>\n<meta name=\"twitter:label1\" content=\"Est. reading time\" \/>\n\t<meta name=\"twitter:data1\" content=\"2 minutes\" \/>\n<script type=\"application\/ld+json\" class=\"yoast-schema-graph\">{\"@context\":\"https:\/\/schema.org\",\"@graph\":[{\"@type\":\"WebPage\",\"@id\":\"https:\/\/shop.girupis.lt\/shop\/auksto-daznio-ikroviklis-atib-hfzd-48v30a\/\",\"url\":\"https:\/\/shop.girupis.lt\/shop\/auksto-daznio-ikroviklis-atib-hfzd-48v30a\/\",\"name\":\"Auk\u0161to da\u017enio \u012fkroviklis ATIB HFZD 48V30A - shop.girupis.lt\",\"isPartOf\":{\"@id\":\"https:\/\/shop.girupis.lt\/lt\/#website\"},\"primaryImageOfPage\":{\"@id\":\"https:\/\/shop.girupis.lt\/shop\/auksto-daznio-ikroviklis-atib-hfzd-48v30a\/#primaryimage\"},\"image\":{\"@id\":\"https:\/\/shop.girupis.lt\/shop\/auksto-daznio-ikroviklis-atib-hfzd-48v30a\/#primaryimage\"},\"thumbnailUrl\":\"https:\/\/shop.girupis.lt\/wp-content\/uploads\/2023\/08\/ATIB_HFZ_logo.jpg\",\"datePublished\":\"2026-04-02T04:34:48+00:00\",\"dateModified\":\"2026-04-02T04:37:20+00:00\",\"description\":\"\u0160ie \u012fkrovikliai yra energeti\u0161kai efektyvesni. Krovimo metu elektros srov\u0117 yra sudaryta i\u0161 individualiai (pagal poreik\u012f)\u00a0moduliuojam\u0173 skirting\u0173 plo\u010di\u0173 nuolatin\u0117s srov\u0117s impuls\u0173 (i\u0161 \u010dia ir pavadinimas \u2013 auk\u0161to da\u017enio \u012fkrovikliai), tod\u0117l kraunama baterija gerokai ma\u017eiau kaista, nes vidutin\u0117 srov\u0117 yra ma\u017eesn\u0117, negu kraunant su \u012fprastais \u012fkrovikliais, tuo pat metu padid\u0117ja bendras \u012fkrovimo proceso energetinis naudingumas, suma\u017e\u0117ja gretutiniai nepageidaujami rei\u0161kiniai, tokie kaip vandens elektroliz\u0117 ir netirpaus \u0161vino sluoksni\u0173 susidarymas. Tod\u0117l visuomet rekomenduojame \u0161iuos \u012fkroviklius naudoti esant didelio intensyvumo ar agresyviomis darbo\u00a0s\u0105lygomis.\",\"breadcrumb\":{\"@id\":\"https:\/\/shop.girupis.lt\/shop\/auksto-daznio-ikroviklis-atib-hfzd-48v30a\/#breadcrumb\"},\"inLanguage\":\"en-US\",\"potentialAction\":[{\"@type\":\"ReadAction\",\"target\":[\"https:\/\/shop.girupis.lt\/shop\/auksto-daznio-ikroviklis-atib-hfzd-48v30a\/\"]}]},{\"@type\":\"ImageObject\",\"inLanguage\":\"en-US\",\"@id\":\"https:\/\/shop.girupis.lt\/shop\/auksto-daznio-ikroviklis-atib-hfzd-48v30a\/#primaryimage\",\"url\":\"https:\/\/shop.girupis.lt\/wp-content\/uploads\/2023\/08\/ATIB_HFZ_logo.jpg\",\"contentUrl\":\"https:\/\/shop.girupis.lt\/wp-content\/uploads\/2023\/08\/ATIB_HFZ_logo.jpg\",\"width\":400,\"height\":400},{\"@type\":\"BreadcrumbList\",\"@id\":\"https:\/\/shop.girupis.lt\/shop\/auksto-daznio-ikroviklis-atib-hfzd-48v30a\/#breadcrumb\",\"itemListElement\":[{\"@type\":\"ListItem\",\"position\":1,\"name\":\"Home\",\"item\":\"https:\/\/shop.girupis.lt\/\"},{\"@type\":\"ListItem\",\"position\":2,\"name\":\"Parduotuv\u0117\",\"item\":\"https:\/\/shop.girupis.lt\/parduotuve\/\"},{\"@type\":\"ListItem\",\"position\":3,\"name\":\"Auk\u0161to da\u017enio \u012fkroviklis ATIB HFZD 48V30A\"}]},{\"@type\":\"WebSite\",\"@id\":\"https:\/\/shop.girupis.lt\/lt\/#website\",\"url\":\"https:\/\/shop.girupis.lt\/lt\/\",\"name\":\"shop.girupis.lt\",\"description\":\"\",\"publisher\":{\"@id\":\"https:\/\/shop.girupis.lt\/lt\/#organization\"},\"potentialAction\":[{\"@type\":\"SearchAction\",\"target\":{\"@type\":\"EntryPoint\",\"urlTemplate\":\"https:\/\/shop.girupis.lt\/lt\/?s={search_term_string}\"},\"query-input\":{\"@type\":\"PropertyValueSpecification\",\"valueRequired\":true,\"valueName\":\"search_term_string\"}}],\"inLanguage\":\"en-US\"},{\"@type\":\"Organization\",\"@id\":\"https:\/\/shop.girupis.lt\/lt\/#organization\",\"name\":\"Girupis.lt\",\"url\":\"https:\/\/shop.girupis.lt\/lt\/\",\"logo\":{\"@type\":\"ImageObject\",\"inLanguage\":\"en-US\",\"@id\":\"https:\/\/shop.girupis.lt\/lt\/#\/schema\/logo\/image\/\",\"url\":\"https:\/\/shop.girupis.lt\/wp-content\/uploads\/2023\/06\/girupis_logo_permatomas.png\",\"contentUrl\":\"https:\/\/shop.girupis.lt\/wp-content\/uploads\/2023\/06\/girupis_logo_permatomas.png\",\"width\":1772,\"height\":317,\"caption\":\"Girupis.lt\"},\"image\":{\"@id\":\"https:\/\/shop.girupis.lt\/lt\/#\/schema\/logo\/image\/\"},\"sameAs\":[\"https:\/\/www.facebook.com\/girupis.lt\/\"]}]}<\/script>\n<!-- \/ Yoast SEO plugin. -->","yoast_head_json":{"title":"Auk\u0161to da\u017enio \u012fkroviklis ATIB HFZD 48V30A - shop.girupis.lt","description":"These chargers are more energy efficient. During charging, the electric current is made up of individually modulated (on demand) DC pulses of different widths (hence the name high-frequency chargers), which results in a significantly lower heating of the battery being charged, as the average current is lower than with conventional chargers, while at the same time increasing the overall energy efficiency of the charging process, reducing adverse side effects such as water electrolysis and the formation of insoluble lead layers. Therefore, we always recommend the use of these chargers in high-intensity or aggressive working conditions.","robots":{"index":"index","follow":"follow","max-snippet":"max-snippet:-1","max-image-preview":"max-image-preview:large","max-video-preview":"max-video-preview:-1"},"canonical":"https:\/\/shop.girupis.lt\/en\/shop\/auksto-daznio-ikroviklis-atib-hfzd-48v30a\/","og_locale":"en_US","og_type":"article","og_title":"Auk\u0161to da\u017enio \u012fkroviklis ATIB HFZD 48V30A - shop.girupis.lt","og_description":"\u0160ie \u012fkrovikliai yra energeti\u0161kai efektyvesni. Krovimo metu elektros srov\u0117 yra sudaryta i\u0161 individualiai (pagal poreik\u012f)\u00a0moduliuojam\u0173 skirting\u0173 plo\u010di\u0173 nuolatin\u0117s srov\u0117s impuls\u0173 (i\u0161 \u010dia ir pavadinimas \u2013 auk\u0161to da\u017enio \u012fkrovikliai), tod\u0117l kraunama baterija gerokai ma\u017eiau kaista, nes vidutin\u0117 srov\u0117 yra ma\u017eesn\u0117, negu kraunant su \u012fprastais \u012fkrovikliais, tuo pat metu padid\u0117ja bendras \u012fkrovimo proceso energetinis naudingumas, suma\u017e\u0117ja gretutiniai nepageidaujami rei\u0161kiniai, tokie kaip vandens elektroliz\u0117 ir netirpaus \u0161vino sluoksni\u0173 susidarymas. Tod\u0117l visuomet rekomenduojame \u0161iuos \u012fkroviklius naudoti esant didelio intensyvumo ar agresyviomis darbo\u00a0s\u0105lygomis.","og_url":"https:\/\/shop.girupis.lt\/en\/shop\/auksto-daznio-ikroviklis-atib-hfzd-48v30a\/","og_site_name":"shop.girupis.lt","article_publisher":"https:\/\/www.facebook.com\/girupis.lt\/","article_modified_time":"2026-04-02T04:37:20+00:00","og_image":[{"width":400,"height":400,"url":"https:\/\/shop.girupis.lt\/wp-content\/uploads\/2023\/08\/ATIB_HFZ_logo.jpg","type":"image\/jpeg"}],"twitter_card":"summary_large_image","twitter_misc":{"Est. reading time":"2 minutes"},"schema":{"@context":"https:\/\/schema.org","@graph":[{"@type":"WebPage","@id":"https:\/\/shop.girupis.lt\/shop\/auksto-daznio-ikroviklis-atib-hfzd-48v30a\/","url":"https:\/\/shop.girupis.lt\/shop\/auksto-daznio-ikroviklis-atib-hfzd-48v30a\/","name":"Auk\u0161to da\u017enio \u012fkroviklis ATIB HFZD 48V30A - shop.girupis.lt","isPartOf":{"@id":"https:\/\/shop.girupis.lt\/lt\/#website"},"primaryImageOfPage":{"@id":"https:\/\/shop.girupis.lt\/shop\/auksto-daznio-ikroviklis-atib-hfzd-48v30a\/#primaryimage"},"image":{"@id":"https:\/\/shop.girupis.lt\/shop\/auksto-daznio-ikroviklis-atib-hfzd-48v30a\/#primaryimage"},"thumbnailUrl":"https:\/\/shop.girupis.lt\/wp-content\/uploads\/2023\/08\/ATIB_HFZ_logo.jpg","datePublished":"2026-04-02T04:34:48+00:00","dateModified":"2026-04-02T04:37:20+00:00","description":"These chargers are more energy efficient. During charging, the electric current is made up of individually modulated (on demand) DC pulses of different widths (hence the name high-frequency chargers), which results in a significantly lower heating of the battery being charged, as the average current is lower than with conventional chargers, while at the same time increasing the overall energy efficiency of the charging process, reducing adverse side effects such as water electrolysis and the formation of insoluble lead layers. Therefore, we always recommend the use of these chargers in high-intensity or aggressive working conditions.","breadcrumb":{"@id":"https:\/\/shop.girupis.lt\/shop\/auksto-daznio-ikroviklis-atib-hfzd-48v30a\/#breadcrumb"},"inLanguage":"en-US","potentialAction":[{"@type":"ReadAction","target":["https:\/\/shop.girupis.lt\/shop\/auksto-daznio-ikroviklis-atib-hfzd-48v30a\/"]}]},{"@type":"ImageObject","inLanguage":"en-US","@id":"https:\/\/shop.girupis.lt\/shop\/auksto-daznio-ikroviklis-atib-hfzd-48v30a\/#primaryimage","url":"https:\/\/shop.girupis.lt\/wp-content\/uploads\/2023\/08\/ATIB_HFZ_logo.jpg","contentUrl":"https:\/\/shop.girupis.lt\/wp-content\/uploads\/2023\/08\/ATIB_HFZ_logo.jpg","width":400,"height":400},{"@type":"BreadcrumbList","@id":"https:\/\/shop.girupis.lt\/shop\/auksto-daznio-ikroviklis-atib-hfzd-48v30a\/#breadcrumb","itemListElement":[{"@type":"ListItem","position":1,"name":"Home","item":"https:\/\/shop.girupis.lt\/"},{"@type":"ListItem","position":2,"name":"Parduotuv\u0117","item":"https:\/\/shop.girupis.lt\/parduotuve\/"},{"@type":"ListItem","position":3,"name":"Auk\u0161to da\u017enio \u012fkroviklis ATIB HFZD 48V30A"}]},{"@type":"WebSite","@id":"https:\/\/shop.girupis.lt\/lt\/#website","url":"https:\/\/shop.girupis.lt\/lt\/","name":"shop.girupis.lt","description":"","publisher":{"@id":"https:\/\/shop.girupis.lt\/lt\/#organization"},"potentialAction":[{"@type":"SearchAction","target":{"@type":"EntryPoint","urlTemplate":"https:\/\/shop.girupis.lt\/lt\/?s={search_term_string}"},"query-input":{"@type":"PropertyValueSpecification","valueRequired":true,"valueName":"search_term_string"}}],"inLanguage":"en-US"},{"@type":"Organization","@id":"https:\/\/shop.girupis.lt\/lt\/#organization","name":"Girupis.lt","url":"https:\/\/shop.girupis.lt\/lt\/","logo":{"@type":"ImageObject","inLanguage":"en-US","@id":"https:\/\/shop.girupis.lt\/lt\/#\/schema\/logo\/image\/","url":"https:\/\/shop.girupis.lt\/wp-content\/uploads\/2023\/06\/girupis_logo_permatomas.png","contentUrl":"https:\/\/shop.girupis.lt\/wp-content\/uploads\/2023\/06\/girupis_logo_permatomas.png","width":1772,"height":317,"caption":"Girupis.lt"},"image":{"@id":"https:\/\/shop.girupis.lt\/lt\/#\/schema\/logo\/image\/"},"sameAs":["https:\/\/www.facebook.com\/girupis.lt\/"]}]}},"jetpack_sharing_enabled":true,"_links":{"self":[{"href":"https:\/\/shop.girupis.lt\/en\/wp-json\/wp\/v2\/product\/11327","targetHints":{"allow":["GET"]}}],"collection":[{"href":"https:\/\/shop.girupis.lt\/en\/wp-json\/wp\/v2\/product"}],"about":[{"href":"https:\/\/shop.girupis.lt\/en\/wp-json\/wp\/v2\/types\/product"}],"wp:featuredmedia":[{"embeddable":true,"href":"https:\/\/shop.girupis.lt\/en\/wp-json\/wp\/v2\/media\/5018"}],"wp:attachment":[{"href":"https:\/\/shop.girupis.lt\/en\/wp-json\/wp\/v2\/media?parent=11327"}],"wp:term":[{"taxonomy":"product_brand","embeddable":true,"href":"https:\/\/shop.girupis.lt\/en\/wp-json\/wp\/v2\/product_brand?post=11327"},{"taxonomy":"product_cat","embeddable":true,"href":"https:\/\/shop.girupis.lt\/en\/wp-json\/wp\/v2\/product_cat?post=11327"},{"taxonomy":"product_tag","embeddable":true,"href":"https:\/\/shop.girupis.lt\/en\/wp-json\/wp\/v2\/product_tag?post=11327"}],"curies":[{"name":"wp","href":"https:\/\/api.w.org\/{rel}","templated":true}]}}