{"id":7647,"date":"2024-10-13T17:03:52","date_gmt":"2024-10-13T17:03:52","guid":{"rendered":"https:\/\/shop.girupis.lt\/?page_id=7647"},"modified":"2024-10-13T17:13:44","modified_gmt":"2024-10-13T17:13:44","slug":"akcijos","status":"publish","type":"page","link":"https:\/\/shop.girupis.lt\/lt\/akcijos\/","title":{"rendered":"AKCIJOS"},"content":{"rendered":"\t\t<div data-elementor-type=\"wp-page\" data-elementor-id=\"7647\" class=\"elementor elementor-7647\" data-elementor-post-type=\"page\">\n\t\t\t\t\t\t<section class=\"elementor-section elementor-top-section elementor-element elementor-element-957ebc6 elementor-section-boxed elementor-section-height-default elementor-section-height-default\" data-id=\"957ebc6\" data-element_type=\"section\" data-e-type=\"section\">\n\t\t\t\t\t\t<div class=\"elementor-container elementor-column-gap-default\">\n\t\t\t\t\t<div class=\"elementor-column elementor-col-100 elementor-top-column elementor-element elementor-element-72870f2\" data-id=\"72870f2\" data-element_type=\"column\" data-e-type=\"column\">\n\t\t\t<div class=\"elementor-widget-wrap elementor-element-populated\">\n\t\t\t\t\t\t<div class=\"elementor-element elementor-element-14c9693 elementor-grid-4 elementor-grid-tablet-3 elementor-grid-mobile-2 elementor-products-grid elementor-wc-products elementor-widget elementor-widget-woocommerce-products\" data-id=\"14c9693\" data-element_type=\"widget\" data-e-type=\"widget\" data-widget_type=\"woocommerce-products.default\">\n\t\t\t\t<div class=\"elementor-widget-container\">\n\t\t\t\t\t<div class=\"woocommerce columns-4 \"><ul class=\"products elementor-grid columns-4\">\n<li class=\"product type-product post-5938 status-publish first onbackorder product_cat-sandelio-technika-priedai product_cat-sverimo-sprendimai has-post-thumbnail sale taxable shipping-taxable purchasable product-type-simple\">\n\t<div class=\"inner-wrapper with-extra-gallery\"><div class=\"img-wrapper\">\n\t<span class=\"onsale\">Akcija!<\/span>\n\t<a href=\"https:\/\/shop.girupis.lt\/lt\/shop\/rankinis-paleciu-vezimelis-su-svarstyklemis-ir-lieciamu-ekranu\/\" class=\"woocommerce-LoopProduct-link woocommerce-loop-product__link\"><img loading=\"lazy\" decoding=\"async\" width=\"300\" height=\"300\" src=\"https:\/\/shop.girupis.lt\/wp-content\/uploads\/2023\/10\/TPW_TOUCH_400-300x300.jpg\" class=\"attachment-woocommerce_thumbnail size-woocommerce_thumbnail\" alt=\"Dini Argeo TPW Touch ve\u017eim\u0117lis su svarstykl\u0117mis\" srcset=\"https:\/\/shop.girupis.lt\/wp-content\/uploads\/2023\/10\/TPW_TOUCH_400-300x300.jpg 300w, https:\/\/shop.girupis.lt\/wp-content\/uploads\/2023\/10\/TPW_TOUCH_400-150x150.jpg 150w, https:\/\/shop.girupis.lt\/wp-content\/uploads\/2023\/10\/TPW_TOUCH_400-12x12.jpg 12w, https:\/\/shop.girupis.lt\/wp-content\/uploads\/2023\/10\/TPW_TOUCH_400-350x350.jpg 350w, https:\/\/shop.girupis.lt\/wp-content\/uploads\/2023\/10\/TPW_TOUCH_400-100x100.jpg 100w, https:\/\/shop.girupis.lt\/wp-content\/uploads\/2023\/10\/TPW_TOUCH_400-64x64.jpg 64w, https:\/\/shop.girupis.lt\/wp-content\/uploads\/2023\/10\/TPW_TOUCH_400.jpg 400w\" sizes=\"auto, (max-width: 300px) 100vw, 300px\" \/><\/a><ul class=\"extra-gallery-thumbs\"><li><a href=\"https:\/\/shop.girupis.lt\/wp-content\/uploads\/2023\/10\/TPW_TOUCH_400.jpg\"><img loading=\"lazy\" decoding=\"async\" width=\"400\" height=\"400\" src=\"https:\/\/shop.girupis.lt\/wp-content\/uploads\/2023\/10\/TPW_TOUCH_400.jpg\" class=\"attachment-shop_thumbnail size-shop_thumbnail\" alt=\"Dini Argeo TPW Touch ve\u017eim\u0117lis su svarstykl\u0117mis\" srcset=\"https:\/\/shop.girupis.lt\/wp-content\/uploads\/2023\/10\/TPW_TOUCH_400.jpg 400w, https:\/\/shop.girupis.lt\/wp-content\/uploads\/2023\/10\/TPW_TOUCH_400-300x300.jpg 300w, https:\/\/shop.girupis.lt\/wp-content\/uploads\/2023\/10\/TPW_TOUCH_400-150x150.jpg 150w, https:\/\/shop.girupis.lt\/wp-content\/uploads\/2023\/10\/TPW_TOUCH_400-12x12.jpg 12w, https:\/\/shop.girupis.lt\/wp-content\/uploads\/2023\/10\/TPW_TOUCH_400-350x350.jpg 350w, https:\/\/shop.girupis.lt\/wp-content\/uploads\/2023\/10\/TPW_TOUCH_400-100x100.jpg 100w, https:\/\/shop.girupis.lt\/wp-content\/uploads\/2023\/10\/TPW_TOUCH_400-64x64.jpg 64w\" sizes=\"auto, (max-width: 400px) 100vw, 400px\" \/><\/a><\/li><li><a href=\"https:\/\/shop.girupis.lt\/wp-content\/uploads\/2023\/10\/TPW_TOUCH_1024.jpg\"><img loading=\"lazy\" decoding=\"async\" width=\"1024\" height=\"1024\" src=\"https:\/\/shop.girupis.lt\/wp-content\/uploads\/2023\/10\/TPW_TOUCH_1024.jpg\" class=\"attachment-shop_thumbnail size-shop_thumbnail\" alt=\"Dini Argeo TPW touch pale\u010di\u0173 ve\u017eim\u0117lis su svarstykl\u0117mis\" srcset=\"https:\/\/shop.girupis.lt\/wp-content\/uploads\/2023\/10\/TPW_TOUCH_1024.jpg 1024w, https:\/\/shop.girupis.lt\/wp-content\/uploads\/2023\/10\/TPW_TOUCH_1024-300x300.jpg 300w, https:\/\/shop.girupis.lt\/wp-content\/uploads\/2023\/10\/TPW_TOUCH_1024-150x150.jpg 150w, https:\/\/shop.girupis.lt\/wp-content\/uploads\/2023\/10\/TPW_TOUCH_1024-768x768.jpg 768w, https:\/\/shop.girupis.lt\/wp-content\/uploads\/2023\/10\/TPW_TOUCH_1024-12x12.jpg 12w, https:\/\/shop.girupis.lt\/wp-content\/uploads\/2023\/10\/TPW_TOUCH_1024-350x350.jpg 350w, https:\/\/shop.girupis.lt\/wp-content\/uploads\/2023\/10\/TPW_TOUCH_1024-600x600.jpg 600w, https:\/\/shop.girupis.lt\/wp-content\/uploads\/2023\/10\/TPW_TOUCH_1024-100x100.jpg 100w, https:\/\/shop.girupis.lt\/wp-content\/uploads\/2023\/10\/TPW_TOUCH_1024-64x64.jpg 64w\" sizes=\"auto, (max-width: 1024px) 100vw, 1024px\" \/><\/a><\/li><li><a href=\"https:\/\/shop.girupis.lt\/wp-content\/uploads\/2023\/10\/TPWET_SWIVELLING.png\"><img loading=\"lazy\" decoding=\"async\" width=\"800\" height=\"800\" src=\"https:\/\/shop.girupis.lt\/wp-content\/uploads\/2023\/10\/TPWET_SWIVELLING.png\" class=\"attachment-shop_thumbnail size-shop_thumbnail\" alt=\"Dini Argeo pale\u010di\u0173 ve\u017eim\u0117lis su svarstykl\u0117mis\" srcset=\"https:\/\/shop.girupis.lt\/wp-content\/uploads\/2023\/10\/TPWET_SWIVELLING.png 800w, https:\/\/shop.girupis.lt\/wp-content\/uploads\/2023\/10\/TPWET_SWIVELLING-300x300.png 300w, https:\/\/shop.girupis.lt\/wp-content\/uploads\/2023\/10\/TPWET_SWIVELLING-150x150.png 150w, https:\/\/shop.girupis.lt\/wp-content\/uploads\/2023\/10\/TPWET_SWIVELLING-768x768.png 768w, https:\/\/shop.girupis.lt\/wp-content\/uploads\/2023\/10\/TPWET_SWIVELLING-12x12.png 12w, https:\/\/shop.girupis.lt\/wp-content\/uploads\/2023\/10\/TPWET_SWIVELLING-350x350.png 350w, https:\/\/shop.girupis.lt\/wp-content\/uploads\/2023\/10\/TPWET_SWIVELLING-600x600.png 600w, https:\/\/shop.girupis.lt\/wp-content\/uploads\/2023\/10\/TPWET_SWIVELLING-100x100.png 100w, https:\/\/shop.girupis.lt\/wp-content\/uploads\/2023\/10\/TPWET_SWIVELLING-64x64.png 64w\" sizes=\"auto, (max-width: 800px) 100vw, 800px\" \/><\/a><\/li><\/ul><div class=\"buttons-wrapper\"><span class=\"product-tooltip\"><\/span><\/div><\/div><div class=\"excerpt-wrapper\"><a class=\"primary-cat\" href=\"https:\/\/shop.girupis.lt\/lt\/produkto-kategorija\/sandelio-technika-priedai\/\">Sand\u0117lio, k\u0117limo, krovimo ir tempimo technika<\/a><a href=\"https:\/\/shop.girupis.lt\/lt\/shop\/rankinis-paleciu-vezimelis-su-svarstyklemis-ir-lieciamu-ekranu\/\" class=\"woocommerce-LoopProduct-link woocommerce-loop-product__link\"><h2 class=\"woocommerce-loop-product__title\">Rankinis pale\u010di\u0173 ve\u017eim\u0117lis su svarstykl\u0117mis ir lie\u010diamu ekranu<\/h2><\/a>            <div class=\"short-description\">\n\t\t\t\t<p>Auk\u0161\u010diausios klas\u0117s pale\u010di\u0173 ve\u017eim\u0117lis su svarstykl\u0117mis ir lie\u010diamo ekrano indikatoriumi, pilnam duomen\u0173 perdavimui ir apdorojimui. Gali b\u016bti pritaikytas konkretiems poreikiams pavyzd\u017eiui: vienet\u0173 skai\u010diavimui; kain\u0173 apskai\u010diavimui; liku\u010di\u0173 nustatymams ir atsekimui; bar kod\u0173 skaitymui ir duomen\u0173 apdorojimui; speciali\u0173 etike\u010di\u0173 spausdinimui ir t.t. Galima intengruoti duomen\u0173 perdavimo modulius: WiFi ; Bluetooth; Radijo bangomis ir kt.<\/p>\n            <\/div>\n\t\t<div class=\"price-wrapper\">\n\t<span class=\"price\"><del aria-hidden=\"true\"><span class=\"woocommerce-Price-amount amount\"><bdi>2050,00&nbsp;<span class=\"woocommerce-Price-currencySymbol\">&euro;<\/span><\/bdi><\/span><\/del> <span class=\"screen-reader-text\">Pradin\u0117 kaina buvo: 2050,00&nbsp;&euro;.<\/span><ins aria-hidden=\"true\"><span class=\"woocommerce-Price-amount amount\"><bdi>1850,00&nbsp;<span class=\"woocommerce-Price-currencySymbol\">&euro;<\/span><\/bdi><\/span><\/ins><span class=\"screen-reader-text\">Dabartin\u0117 kaina yra: 1850,00&nbsp;&euro;.<\/span> <small class=\"woocommerce-price-suffix\">(su PVM: <span class=\"woocommerce-Price-amount amount\"><bdi>2238,50&nbsp;<span class=\"woocommerce-Price-currencySymbol\">&euro;<\/span><\/bdi><\/span>)<\/small><\/span>\n<a href=\"https:\/\/shop.girupis.lt\/lt\/shop\/rankinis-paleciu-vezimelis-su-svarstyklemis-ir-lieciamu-ekranu\/\" aria-describedby=\"woocommerce_loop_add_to_cart_link_describedby_5938\" data-quantity=\"1\" class=\"button product_type_simple add_to_cart_button\" data-product_id=\"5938\" data-product_sku=\"TPWTS-1\" aria-label=\"Prid\u0117ti \u012f krep\u0161el\u012f: \u201cRankinis pale\u010di\u0173 ve\u017eim\u0117lis su svarstykl\u0117mis ir lie\u010diamu ekranu\u201d\" rel=\"nofollow\" data-success_message=\"\u201cRankinis pale\u010di\u0173 ve\u017eim\u0117lis su svarstykl\u0117mis ir lie\u010diamu ekranu\u201d buvo prid\u0117ta \u012f krep\u0161el\u012f\" data-shipping-class-id=\"0\" title=\"Minimum qty is 1\">Select options<\/a>\t<span id=\"woocommerce_loop_add_to_cart_link_describedby_5938\" class=\"screen-reader-text\">\n\t\t\t<\/span>\n<\/div><\/div><\/div><\/li>\n<li class=\"product type-product post-10036 status-publish onbackorder product_cat-q-serijos-elektriniai-krautuvai-iki-5-tonu has-post-thumbnail sale taxable shipping-taxable purchasable product-type-simple\">\n\t<div class=\"inner-wrapper with-extra-gallery\"><div class=\"img-wrapper\">\n\t<span class=\"onsale\">Akcija!<\/span>\n\t<a href=\"https:\/\/shop.girupis.lt\/lt\/shop\/noblelift-fe4p20q-kelia-2-ton-iki-4800-mm-triguba-str-su-768v206ah-licio-baterija-100a-ikrovikliu-bedure-kabina-eu-pack\/\" class=\"woocommerce-LoopProduct-link woocommerce-loop-product__link\"><img loading=\"lazy\" decoding=\"async\" width=\"300\" height=\"300\" src=\"https:\/\/shop.girupis.lt\/wp-content\/uploads\/2025\/09\/2-tonu-Q-serijos-daline-kabina-tituline-300x300.png\" class=\"attachment-woocommerce_thumbnail size-woocommerce_thumbnail\" alt=\"Noblelift FE4P20Q: kelia 2 ton. iki 4800 mm, triguba str., su 48V206Ah li\u010dio baterija, 100A \u012fkrovikliu, bedur\u0117 kabina, EU Pack\" srcset=\"https:\/\/shop.girupis.lt\/wp-content\/uploads\/2025\/09\/2-tonu-Q-serijos-daline-kabina-tituline-300x300.png 300w, https:\/\/shop.girupis.lt\/wp-content\/uploads\/2025\/09\/2-tonu-Q-serijos-daline-kabina-tituline-150x150.png 150w, https:\/\/shop.girupis.lt\/wp-content\/uploads\/2025\/09\/2-tonu-Q-serijos-daline-kabina-tituline-12x12.png 12w, https:\/\/shop.girupis.lt\/wp-content\/uploads\/2025\/09\/2-tonu-Q-serijos-daline-kabina-tituline-350x350.png 350w, https:\/\/shop.girupis.lt\/wp-content\/uploads\/2025\/09\/2-tonu-Q-serijos-daline-kabina-tituline-100x100.png 100w, https:\/\/shop.girupis.lt\/wp-content\/uploads\/2025\/09\/2-tonu-Q-serijos-daline-kabina-tituline-64x64.png 64w, https:\/\/shop.girupis.lt\/wp-content\/uploads\/2025\/09\/2-tonu-Q-serijos-daline-kabina-tituline.png 500w\" sizes=\"auto, (max-width: 300px) 100vw, 300px\" \/><\/a><ul class=\"extra-gallery-thumbs\"><li><a href=\"https:\/\/shop.girupis.lt\/wp-content\/uploads\/2025\/09\/2-tonu-Q-serijos-daline-kabina-tituline.png\"><img loading=\"lazy\" decoding=\"async\" width=\"500\" height=\"500\" src=\"https:\/\/shop.girupis.lt\/wp-content\/uploads\/2025\/09\/2-tonu-Q-serijos-daline-kabina-tituline.png\" class=\"attachment-shop_thumbnail size-shop_thumbnail\" alt=\"\" srcset=\"https:\/\/shop.girupis.lt\/wp-content\/uploads\/2025\/09\/2-tonu-Q-serijos-daline-kabina-tituline.png 500w, https:\/\/shop.girupis.lt\/wp-content\/uploads\/2025\/09\/2-tonu-Q-serijos-daline-kabina-tituline-300x300.png 300w, https:\/\/shop.girupis.lt\/wp-content\/uploads\/2025\/09\/2-tonu-Q-serijos-daline-kabina-tituline-150x150.png 150w, https:\/\/shop.girupis.lt\/wp-content\/uploads\/2025\/09\/2-tonu-Q-serijos-daline-kabina-tituline-12x12.png 12w, https:\/\/shop.girupis.lt\/wp-content\/uploads\/2025\/09\/2-tonu-Q-serijos-daline-kabina-tituline-350x350.png 350w, https:\/\/shop.girupis.lt\/wp-content\/uploads\/2025\/09\/2-tonu-Q-serijos-daline-kabina-tituline-100x100.png 100w, https:\/\/shop.girupis.lt\/wp-content\/uploads\/2025\/09\/2-tonu-Q-serijos-daline-kabina-tituline-64x64.png 64w\" sizes=\"auto, (max-width: 500px) 100vw, 500px\" \/><\/a><\/li><li><a href=\"https:\/\/shop.girupis.lt\/wp-content\/uploads\/2024\/09\/DJI_20241016105542_0405_D.jpg\"><img loading=\"lazy\" decoding=\"async\" width=\"1365\" height=\"768\" src=\"https:\/\/shop.girupis.lt\/wp-content\/uploads\/2024\/09\/DJI_20241016105542_0405_D.jpg\" class=\"attachment-shop_thumbnail size-shop_thumbnail\" alt=\"\" srcset=\"https:\/\/shop.girupis.lt\/wp-content\/uploads\/2024\/09\/DJI_20241016105542_0405_D.jpg 1365w, https:\/\/shop.girupis.lt\/wp-content\/uploads\/2024\/09\/DJI_20241016105542_0405_D-300x169.jpg 300w, https:\/\/shop.girupis.lt\/wp-content\/uploads\/2024\/09\/DJI_20241016105542_0405_D-1024x576.jpg 1024w, https:\/\/shop.girupis.lt\/wp-content\/uploads\/2024\/09\/DJI_20241016105542_0405_D-768x432.jpg 768w, https:\/\/shop.girupis.lt\/wp-content\/uploads\/2024\/09\/DJI_20241016105542_0405_D-18x10.jpg 18w, https:\/\/shop.girupis.lt\/wp-content\/uploads\/2024\/09\/DJI_20241016105542_0405_D-384x216.jpg 384w, https:\/\/shop.girupis.lt\/wp-content\/uploads\/2024\/09\/DJI_20241016105542_0405_D-640x360.jpg 640w, https:\/\/shop.girupis.lt\/wp-content\/uploads\/2024\/09\/DJI_20241016105542_0405_D-600x338.jpg 600w, https:\/\/shop.girupis.lt\/wp-content\/uploads\/2024\/09\/DJI_20241016105542_0405_D-64x36.jpg 64w\" sizes=\"auto, (max-width: 1365px) 100vw, 1365px\" \/><\/a><\/li><li><a href=\"https:\/\/shop.girupis.lt\/wp-content\/uploads\/2024\/09\/DJI_20241016105250_0396_D.jpg\"><img loading=\"lazy\" decoding=\"async\" width=\"1365\" height=\"768\" src=\"https:\/\/shop.girupis.lt\/wp-content\/uploads\/2024\/09\/DJI_20241016105250_0396_D.jpg\" class=\"attachment-shop_thumbnail size-shop_thumbnail\" alt=\"\" srcset=\"https:\/\/shop.girupis.lt\/wp-content\/uploads\/2024\/09\/DJI_20241016105250_0396_D.jpg 1365w, https:\/\/shop.girupis.lt\/wp-content\/uploads\/2024\/09\/DJI_20241016105250_0396_D-300x169.jpg 300w, https:\/\/shop.girupis.lt\/wp-content\/uploads\/2024\/09\/DJI_20241016105250_0396_D-1024x576.jpg 1024w, https:\/\/shop.girupis.lt\/wp-content\/uploads\/2024\/09\/DJI_20241016105250_0396_D-768x432.jpg 768w, https:\/\/shop.girupis.lt\/wp-content\/uploads\/2024\/09\/DJI_20241016105250_0396_D-18x10.jpg 18w, https:\/\/shop.girupis.lt\/wp-content\/uploads\/2024\/09\/DJI_20241016105250_0396_D-384x216.jpg 384w, https:\/\/shop.girupis.lt\/wp-content\/uploads\/2024\/09\/DJI_20241016105250_0396_D-640x360.jpg 640w, https:\/\/shop.girupis.lt\/wp-content\/uploads\/2024\/09\/DJI_20241016105250_0396_D-600x338.jpg 600w, https:\/\/shop.girupis.lt\/wp-content\/uploads\/2024\/09\/DJI_20241016105250_0396_D-64x36.jpg 64w\" sizes=\"auto, (max-width: 1365px) 100vw, 1365px\" \/><\/a><\/li><\/ul><div class=\"buttons-wrapper\"><span class=\"product-tooltip\"><\/span><\/div><\/div><div class=\"excerpt-wrapper\"><a class=\"primary-cat\" href=\"https:\/\/shop.girupis.lt\/lt\/produkto-kategorija\/krautuvai\/q-serijos-elektriniai-krautuvai-iki-5-tonu\/\">Noblelift Q serijos 2 - 5 ton\u0173 elektriniai krautuvai<\/a><a href=\"https:\/\/shop.girupis.lt\/lt\/shop\/noblelift-fe4p20q-kelia-2-ton-iki-4800-mm-triguba-str-su-768v206ah-licio-baterija-100a-ikrovikliu-bedure-kabina-eu-pack\/\" class=\"woocommerce-LoopProduct-link woocommerce-loop-product__link\"><h2 class=\"woocommerce-loop-product__title\">Noblelift FE4P20Q: kelia 2 ton. iki 4800 mm, triguba str., su 48V206Ah li\u010dio baterija, 100A \u012fkrovikliu, bedur\u0117 kabina, EU Pack<\/h2><\/a>            <div class=\"short-description\">\n\t\t\t\t<ul>\n<li>K\u0117limo galia \u2013 2000kg@500 mm svorio centrui<\/li>\n<li>K\u0117limo auk\u0161tis \u2013 4800 mm, triguba str\u0117l\u0117 su 1330 mmlaisva eiga<\/li>\n<li>Statybinis auk\u0161tis \u2013 2253 mm<\/li>\n<li>\u0160oninis \u0161aki\u0173 post\u016bmis ir papildoma (4-ta) hidro funkcija<\/li>\n<li>Hidraulikos valdymas \u2013 mechanin\u0117mis svirtel\u0117mis<\/li>\n<li>Vairuotojo buvimo krautuvuve nustatymo funkcija(OPS, krautuvas neva\u017eiuoja, jeigu nes\u0117di krautuve operatorius)<\/li>\n<li>Baterija \u2013 li\u010dio gele\u017eies fosfat\u0173, 48V206Ah (dirba iki -20<sup>0<\/sup>C) ir \u012fkroviklis 48V100A (pilnai pakrauna baterij\u0105 per ~ 2 valandas). Baterija turi \u0161ildym\u0105 krovimo metu<\/li>\n<li>\u0160aki\u0173 ilgis \u2013 1220 mm, \u0161aki\u0173 ve\u017eim\u0117lio krovinio apsauginis r\u0117mas<\/li>\n<li>Netepan\u010dios elastin\u0117s padangos<\/li>\n<li>Pilnai amortizuojanti ir reguliuojma s\u0117dyn\u0117<\/li>\n<li>Komforto paketas (Ranken\u0117l\u0117 \u012fsikibti va\u017eiuojant atgal su garsinio signalo mygtuku, 2 \u0161oniniai veidrod\u0117liai, USB lizdas, gumuotos \u012flipimo ranken\u0117l\u0117s ir jau min\u0117ta pilnai amortizuojanti bei reguliuojama s\u0117dyn\u0117)<\/li>\n<li>Dalin\u0117 kabina: priekiniai, stogelio ir galiniai stiklai<\/li>\n<li>Priekin\u0117s ir galin\u0117 darbin\u0117s lempos<\/li>\n<li>Elektrinis vairo stiprintuvas, skirtas ES vidaus rinkai<\/li>\n<li>Garantija \u2013 12 m\u0117nesi\u0173 arba 2000 moto valand\u0173<\/li>\n<li>Pastaba: nuotraukos iliustracinio pob\u016bd\u017eio<\/li>\n<\/ul>\n<p><\/p><\/div><\/div><\/div><\/li><\/ul><\/div><\/div><\/div><\/div><\/div><\/div><\/section><\/div>","protected":false},"excerpt":{"rendered":"","protected":false},"author":14,"featured_media":0,"parent":0,"menu_order":0,"comment_status":"closed","ping_status":"closed","template":"","meta":{"_acf_changed":false,"_monsterinsights_skip_tracking":false,"_monsterinsights_sitenote_active":false,"_monsterinsights_sitenote_note":"","_monsterinsights_sitenote_category":0,"_uf_show_specific_survey":0,"_uf_disable_surveys":false,"footnotes":""},"class_list":["post-7647","page","type-page","status-publish","hentry"],"acf":[],"yoast_head":"<!-- This site is optimized with the Yoast SEO plugin v27.2 - https:\/\/yoast.com\/product\/yoast-seo-wordpress\/ -->\n<title>AKCIJOS - shop.girupis.lt<\/title>\n<meta name=\"robots\" content=\"index, follow, max-snippet:-1, max-image-preview:large, max-video-preview:-1\" \/>\n<link rel=\"canonical\" href=\"https:\/\/shop.girupis.lt\/lt\/akcijos\/\" \/>\n<meta property=\"og:locale\" content=\"lt_LT\" \/>\n<meta property=\"og:type\" content=\"article\" \/>\n<meta property=\"og:title\" content=\"AKCIJOS - shop.girupis.lt\" \/>\n<meta property=\"og:url\" content=\"https:\/\/shop.girupis.lt\/lt\/akcijos\/\" \/>\n<meta property=\"og:site_name\" content=\"shop.girupis.lt\" \/>\n<meta property=\"article:publisher\" content=\"https:\/\/www.facebook.com\/girupis.lt\/\" \/>\n<meta property=\"article:modified_time\" content=\"2024-10-13T17:13:44+00:00\" \/>\n<meta name=\"twitter:card\" content=\"summary_large_image\" \/>\n<meta name=\"twitter:label1\" content=\"Est. reading time\" \/>\n\t<meta name=\"twitter:data1\" content=\"31 minut\u0117\" \/>\n<script type=\"application\/ld+json\" class=\"yoast-schema-graph\">{\"@context\":\"https:\/\/schema.org\",\"@graph\":[{\"@type\":\"WebPage\",\"@id\":\"https:\/\/shop.girupis.lt\/akcijos\/\",\"url\":\"https:\/\/shop.girupis.lt\/akcijos\/\",\"name\":\"AKCIJOS - shop.girupis.lt\",\"isPartOf\":{\"@id\":\"https:\/\/shop.girupis.lt\/lt\/#website\"},\"datePublished\":\"2024-10-13T17:03:52+00:00\",\"dateModified\":\"2024-10-13T17:13:44+00:00\",\"breadcrumb\":{\"@id\":\"https:\/\/shop.girupis.lt\/akcijos\/#breadcrumb\"},\"inLanguage\":\"lt-LT\",\"potentialAction\":[{\"@type\":\"ReadAction\",\"target\":[\"https:\/\/shop.girupis.lt\/akcijos\/\"]}]},{\"@type\":\"BreadcrumbList\",\"@id\":\"https:\/\/shop.girupis.lt\/akcijos\/#breadcrumb\",\"itemListElement\":[{\"@type\":\"ListItem\",\"position\":1,\"name\":\"Home\",\"item\":\"https:\/\/shop.girupis.lt\/\"},{\"@type\":\"ListItem\",\"position\":2,\"name\":\"AKCIJOS\"}]},{\"@type\":\"WebSite\",\"@id\":\"https:\/\/shop.girupis.lt\/lt\/#website\",\"url\":\"https:\/\/shop.girupis.lt\/lt\/\",\"name\":\"shop.girupis.lt\",\"description\":\"\",\"publisher\":{\"@id\":\"https:\/\/shop.girupis.lt\/lt\/#organization\"},\"potentialAction\":[{\"@type\":\"SearchAction\",\"target\":{\"@type\":\"EntryPoint\",\"urlTemplate\":\"https:\/\/shop.girupis.lt\/lt\/?s={search_term_string}\"},\"query-input\":{\"@type\":\"PropertyValueSpecification\",\"valueRequired\":true,\"valueName\":\"search_term_string\"}}],\"inLanguage\":\"lt-LT\"},{\"@type\":\"Organization\",\"@id\":\"https:\/\/shop.girupis.lt\/lt\/#organization\",\"name\":\"Girupis.lt\",\"url\":\"https:\/\/shop.girupis.lt\/lt\/\",\"logo\":{\"@type\":\"ImageObject\",\"inLanguage\":\"lt-LT\",\"@id\":\"https:\/\/shop.girupis.lt\/lt\/#\/schema\/logo\/image\/\",\"url\":\"https:\/\/shop.girupis.lt\/wp-content\/uploads\/2023\/06\/girupis_logo_permatomas.png\",\"contentUrl\":\"https:\/\/shop.girupis.lt\/wp-content\/uploads\/2023\/06\/girupis_logo_permatomas.png\",\"width\":1772,\"height\":317,\"caption\":\"Girupis.lt\"},\"image\":{\"@id\":\"https:\/\/shop.girupis.lt\/lt\/#\/schema\/logo\/image\/\"},\"sameAs\":[\"https:\/\/www.facebook.com\/girupis.lt\/\"]}]}<\/script>\n<!-- \/ Yoast SEO plugin. -->","yoast_head_json":{"title":"AKCIJOS - shop.girupis.lt","robots":{"index":"index","follow":"follow","max-snippet":"max-snippet:-1","max-image-preview":"max-image-preview:large","max-video-preview":"max-video-preview:-1"},"canonical":"https:\/\/shop.girupis.lt\/lt\/akcijos\/","og_locale":"lt_LT","og_type":"article","og_title":"AKCIJOS - shop.girupis.lt","og_url":"https:\/\/shop.girupis.lt\/lt\/akcijos\/","og_site_name":"shop.girupis.lt","article_publisher":"https:\/\/www.facebook.com\/girupis.lt\/","article_modified_time":"2024-10-13T17:13:44+00:00","twitter_card":"summary_large_image","twitter_misc":{"Est. reading time":"31 minut\u0117"},"schema":{"@context":"https:\/\/schema.org","@graph":[{"@type":"WebPage","@id":"https:\/\/shop.girupis.lt\/akcijos\/","url":"https:\/\/shop.girupis.lt\/akcijos\/","name":"AKCIJOS - shop.girupis.lt","isPartOf":{"@id":"https:\/\/shop.girupis.lt\/lt\/#website"},"datePublished":"2024-10-13T17:03:52+00:00","dateModified":"2024-10-13T17:13:44+00:00","breadcrumb":{"@id":"https:\/\/shop.girupis.lt\/akcijos\/#breadcrumb"},"inLanguage":"lt-LT","potentialAction":[{"@type":"ReadAction","target":["https:\/\/shop.girupis.lt\/akcijos\/"]}]},{"@type":"BreadcrumbList","@id":"https:\/\/shop.girupis.lt\/akcijos\/#breadcrumb","itemListElement":[{"@type":"ListItem","position":1,"name":"Home","item":"https:\/\/shop.girupis.lt\/"},{"@type":"ListItem","position":2,"name":"AKCIJOS"}]},{"@type":"WebSite","@id":"https:\/\/shop.girupis.lt\/lt\/#website","url":"https:\/\/shop.girupis.lt\/lt\/","name":"shop.girupis.lt","description":"","publisher":{"@id":"https:\/\/shop.girupis.lt\/lt\/#organization"},"potentialAction":[{"@type":"SearchAction","target":{"@type":"EntryPoint","urlTemplate":"https:\/\/shop.girupis.lt\/lt\/?s={search_term_string}"},"query-input":{"@type":"PropertyValueSpecification","valueRequired":true,"valueName":"search_term_string"}}],"inLanguage":"lt-LT"},{"@type":"Organization","@id":"https:\/\/shop.girupis.lt\/lt\/#organization","name":"Girupis.lt","url":"https:\/\/shop.girupis.lt\/lt\/","logo":{"@type":"ImageObject","inLanguage":"lt-LT","@id":"https:\/\/shop.girupis.lt\/lt\/#\/schema\/logo\/image\/","url":"https:\/\/shop.girupis.lt\/wp-content\/uploads\/2023\/06\/girupis_logo_permatomas.png","contentUrl":"https:\/\/shop.girupis.lt\/wp-content\/uploads\/2023\/06\/girupis_logo_permatomas.png","width":1772,"height":317,"caption":"Girupis.lt"},"image":{"@id":"https:\/\/shop.girupis.lt\/lt\/#\/schema\/logo\/image\/"},"sameAs":["https:\/\/www.facebook.com\/girupis.lt\/"]}]}},"jetpack_sharing_enabled":true,"_links":{"self":[{"href":"https:\/\/shop.girupis.lt\/lt\/wp-json\/wp\/v2\/pages\/7647","targetHints":{"allow":["GET"]}}],"collection":[{"href":"https:\/\/shop.girupis.lt\/lt\/wp-json\/wp\/v2\/pages"}],"about":[{"href":"https:\/\/shop.girupis.lt\/lt\/wp-json\/wp\/v2\/types\/page"}],"author":[{"embeddable":true,"href":"https:\/\/shop.girupis.lt\/lt\/wp-json\/wp\/v2\/users\/14"}],"replies":[{"embeddable":true,"href":"https:\/\/shop.girupis.lt\/lt\/wp-json\/wp\/v2\/comments?post=7647"}],"version-history":[{"count":8,"href":"https:\/\/shop.girupis.lt\/lt\/wp-json\/wp\/v2\/pages\/7647\/revisions"}],"predecessor-version":[{"id":11338,"href":"https:\/\/shop.girupis.lt\/lt\/wp-json\/wp\/v2\/pages\/7647\/revisions\/11338"}],"wp:attachment":[{"href":"https:\/\/shop.girupis.lt\/lt\/wp-json\/wp\/v2\/media?parent=7647"}],"curies":[{"name":"wp","href":"https:\/\/api.w.org\/{rel}","templated":true}]}}