{"id":6364,"date":"2026-01-11T13:30:03","date_gmt":"2026-01-11T13:30:03","guid":{"rendered":"https:\/\/shop.girupis.lt\/?post_type=product&#038;p=6364"},"modified":"2026-04-12T16:43:46","modified_gmt":"2026-04-12T13:43:46","slug":"noblelift-nb380-rankine-grindu-plovimo-masina","status":"publish","type":"product","link":"https:\/\/shop.girupis.lt\/lt\/shop\/noblelift-nb380-rankine-grindu-plovimo-masina\/","title":{"rendered":"Noblelift NB380 rankin\u0117 grind\u0173 plovimo ma\u0161ina"},"content":{"rendered":"<p>Naujoji <strong>NOBLELIFT NB380 <\/strong>grind\u0173 plovimo ma\u0161ina yra itin kompakti\u0161ko &#8211; <strong>sulankstomo<\/strong> dizaino. \u0160i ekonomi\u0161ka plovimo ma\u0161ina puikiai tinka greitai ir lengvai i\u0161plauti ma\u017eas patalpas ar sunkiai prieinamas vietas. Ergonomi\u0161kas plovimo ma\u0161inos dizainas leid\u017eia darbuotojui patogiai dirbti 1,5-2h nenuvarginant pe\u010di\u0173 ir nugaros raumen\u0173.<\/p>\n<h2>Kiti NB380 grind\u0173 plovimo ma\u0161inos privalumai:<\/h2>\n<ul>\n<li>U\u017epildo kaklelis veikia kaip ploviklio dozavimo priemon\u0117;<\/li>\n<li>Be\u0161epet\u0117lis variklis veikia tyliai,\u00a0 efektyviai ir taupo energij\u0105, yra patikimas ir nereikalauja specializuotos prie\u017ei\u016bros<\/li>\n<li>Turi optimizuot\u0105 energijos tiekimo ir valdymo sistem\u0105;<\/li>\n<li>I\u0161manus vandeniui atsparus valdymo pultas, paleidimas vienu mygtuku, galima reguliuoti paduodamo vandens kiek\u012f, patogus dizainas;<\/li>\n<li>Apvadas, apsaugantis nuo ne\u0161varaus vandens pursl\u0173;<\/li>\n<li>Ma\u0161inos i\u0161montavimui nereikia \u012franki\u0173, paprasta pakeisti valan\u010di\u0105 gum\u0105 i\u0161 \u0161epet\u012f.<\/li>\n<\/ul>\n<p>Noblelift NB380 grind\u0173 plovimo ma\u0161ina\u00a0 yra sukurta mobilumui ir ma\u017eoms patalpoms. Sulenta \u0161i plovimo ma\u0161ina telpa \u012f lengvojo automobilio baga\u017ein\u0119. O lengvas pri\u0117jimas prie vis\u0173 komponent\u0173\u00a0 palengvina kasdien\u0119 plovimo ma\u0161inos prie\u017ei\u016br\u0105 ir efektyv\u0173 naudojim\u0105.<br \/>\n<iframe loading=\"lazy\" title=\"Grind\u0173 plovimo ma\u0161ina Noblelift NB380\" src=\"https:\/\/www.youtube.com\/embed\/-so13Hf7Exc\" width=\"2098\" height=\"880\" frameborder=\"0\" allowfullscreen=\"allowfullscreen\"><\/iframe><\/p>\n<h2>Specifikacij\u0173 lentel\u0117:<\/h2>\n<table style=\"height: 943px;\" width=\"775\">\n<tbody>\n<tr>\n<td colspan=\"2\" width=\"400\">Modelis<\/td>\n<td width=\"178\"><strong>NB 380<\/strong><\/td>\n<\/tr>\n<tr>\n<td width=\"307\">Tipas<\/td>\n<td width=\"92\"><\/td>\n<td width=\"178\">Stumiama (nesavaeig\u0117)<\/td>\n<\/tr>\n<tr>\n<td width=\"307\">Plovimo \u0161epe\u010dio skersmuo<\/td>\n<td width=\"92\">mm<\/td>\n<td width=\"178\">380<\/td>\n<\/tr>\n<tr>\n<td width=\"307\">Valan\u010diosios gumos plotis<\/td>\n<td width=\"92\">mm<\/td>\n<td width=\"178\">380<\/td>\n<\/tr>\n<tr>\n<td width=\"307\">\u0160varaus vandens talpa<\/td>\n<td width=\"92\">l<\/td>\n<td width=\"178\">10<\/td>\n<\/tr>\n<tr>\n<td width=\"307\">Ne\u0161varaus vandens talpa<\/td>\n<td width=\"92\">l<\/td>\n<td width=\"178\">10<\/td>\n<\/tr>\n<tr>\n<td width=\"307\">Valymo efektyvumas<\/td>\n<td width=\"92\">m<sup>2<\/sup>\/h<\/td>\n<td width=\"178\">1140<\/td>\n<\/tr>\n<tr>\n<td width=\"307\">Nepertraukiamo darbo laikas<\/td>\n<td width=\"92\">h<\/td>\n<td width=\"178\">1.5h \u2013 2h<\/td>\n<\/tr>\n<tr>\n<td width=\"307\">\u0160epe\u010dio variklio galia<\/td>\n<td width=\"92\">W<\/td>\n<td width=\"178\">380<\/td>\n<\/tr>\n<tr>\n<td width=\"307\">Vakuuminio siurblio\u00a0 galia<\/td>\n<td width=\"92\">W<\/td>\n<td width=\"178\">150<\/td>\n<\/tr>\n<tr>\n<td width=\"307\">Va\u017eiavimo variklio galia<\/td>\n<td width=\"92\">W<\/td>\n<td width=\"178\">&#8211;<\/td>\n<\/tr>\n<tr>\n<td width=\"307\">Va\u017eiavimo greitis<\/td>\n<td width=\"92\">Km\/h<\/td>\n<td width=\"178\">&#8211;<\/td>\n<\/tr>\n<tr>\n<td width=\"307\">Triuk\u0161mo lygis<\/td>\n<td width=\"92\">dB<\/td>\n<td width=\"178\">65\u00b13<\/td>\n<\/tr>\n<tr>\n<td width=\"307\">Svoris su baterija ir tu\u0161\u010dia vandens talpa<\/td>\n<td width=\"92\">kg<\/td>\n<td width=\"178\">26<\/td>\n<\/tr>\n<tr>\n<td width=\"307\">Matmenys<\/td>\n<td width=\"92\">mm<\/td>\n<td width=\"178\">700 x 430 x 1200<\/td>\n<\/tr>\n<\/tbody>\n<\/table>\n<p>&nbsp;<\/p>\n<p>Pana\u0161\u016bs produktai:<\/p>\n<p><a href=\"https:\/\/shop.girupis.lt\/lt\/shop\/noblelift-nr530-grindu-plovimo-masina\/\" target=\"_blank\" rel=\"noopener\">Savaeig\u0117 grind\u0173 plovimo ma\u0161ina NR530;<\/a><\/p>\n<p><a href=\"https:\/\/shop.girupis.lt\/lt\/shop\/noblelift-nr1060-grindu-plovimo-masina\/\" target=\"_blank\" rel=\"noopener\">Did\u017eiausia industrin\u0117 savaeig\u0117 grind\u0173 plovimo ma\u0161ina NR1060<\/a><\/p>\n","protected":false},"excerpt":{"rendered":"<p>Naujoji <strong>NOBLELIFT NB380<\/strong> kompakti\u0161ko, <strong>sulankstomo<\/strong> dizaino, sujungia auk\u0161t\u0105 na\u0161um\u0105 ir patogum\u0105 naudoti. Su 380 mm darbinio plo\u010dio \u0161epe\u010diu galima greitai, efektyviai ir kruop\u0161\u010diai nuvalyti sunkiai prieinamas ir siauras grind\u0173 vietas. \u0160i lengva ir nedidel\u0117 grind\u0173 plovimo ma\u0161ina puikiai tinka ma\u017eose patalpose kuriose yra itin svarbi \u0161vara.<\/p>\n","protected":false},"featured_media":6374,"template":"","meta":{"_acf_changed":false,"_monsterinsights_skip_tracking":false,"_monsterinsights_sitenote_active":false,"_monsterinsights_sitenote_note":"","_monsterinsights_sitenote_category":0,"_uf_show_specific_survey":0,"_uf_disable_surveys":false},"product_brand":[],"product_cat":[150],"product_tag":[],"class_list":{"0":"post-6364","1":"product","2":"type-product","3":"status-publish","4":"has-post-thumbnail","6":"product_cat-noblelift-grindu-plovimo-masinos","8":"first","9":"instock","10":"sale","11":"taxable","12":"shipping-taxable","13":"purchasable","14":"product-type-simple"},"acf":[],"yoast_head":"<!-- This site is optimized with the Yoast SEO plugin v27.2 - https:\/\/yoast.com\/product\/yoast-seo-wordpress\/ -->\n<title>Noblelift NB380 rankin\u0117 grind\u0173 plovimo ma\u0161ina - shop.girupis.lt<\/title>\n<meta name=\"description\" content=\"Naujoji Noblelift NB380 grind\u0173 plovimo kompakti\u0161ko ir sulankstomo dizaino sujungia na\u0161um\u0105 ir paprastum\u0105 sukurdama puik\u0173 \u012frank\u012f kasdieniams plovimo darbams.\" \/>\n<meta name=\"robots\" content=\"index, follow, max-snippet:-1, max-image-preview:large, max-video-preview:-1\" \/>\n<link rel=\"canonical\" href=\"https:\/\/shop.girupis.lt\/lt\/shop\/noblelift-nb380-rankine-grindu-plovimo-masina\/\" \/>\n<meta property=\"og:locale\" content=\"lt_LT\" \/>\n<meta property=\"og:type\" content=\"article\" \/>\n<meta property=\"og:title\" content=\"Noblelift NB380 rankin\u0117 grind\u0173 plovimo ma\u0161ina - shop.girupis.lt\" \/>\n<meta property=\"og:description\" content=\"Naujoji Noblelift NB380 grind\u0173 plovimo kompakti\u0161ko ir sulankstomo dizaino sujungia na\u0161um\u0105 ir paprastum\u0105 sukurdama puik\u0173 \u012frank\u012f kasdieniams plovimo darbams.\" \/>\n<meta property=\"og:url\" content=\"https:\/\/shop.girupis.lt\/lt\/shop\/noblelift-nb380-rankine-grindu-plovimo-masina\/\" \/>\n<meta property=\"og:site_name\" content=\"shop.girupis.lt\" \/>\n<meta property=\"article:publisher\" content=\"https:\/\/www.facebook.com\/girupis.lt\/\" \/>\n<meta property=\"article:modified_time\" content=\"2026-04-12T13:43:46+00:00\" \/>\n<meta property=\"og:image\" content=\"https:\/\/shop.girupis.lt\/wp-content\/uploads\/2024\/04\/NR380-be-fono.jpg\" \/>\n\t<meta property=\"og:image:width\" content=\"851\" \/>\n\t<meta property=\"og:image:height\" content=\"850\" \/>\n\t<meta property=\"og:image:type\" content=\"image\/jpeg\" \/>\n<meta name=\"twitter:card\" content=\"summary_large_image\" \/>\n<meta name=\"twitter:label1\" content=\"Est. reading time\" \/>\n\t<meta name=\"twitter:data1\" content=\"2 minut\u0117s\" \/>\n<script type=\"application\/ld+json\" class=\"yoast-schema-graph\">{\"@context\":\"https:\/\/schema.org\",\"@graph\":[{\"@type\":\"WebPage\",\"@id\":\"https:\/\/shop.girupis.lt\/shop\/noblelift-nb380-rankine-grindu-plovimo-masina\/\",\"url\":\"https:\/\/shop.girupis.lt\/shop\/noblelift-nb380-rankine-grindu-plovimo-masina\/\",\"name\":\"Noblelift NB380 rankin\u0117 grind\u0173 plovimo ma\u0161ina - shop.girupis.lt\",\"isPartOf\":{\"@id\":\"https:\/\/shop.girupis.lt\/lt\/#website\"},\"primaryImageOfPage\":{\"@id\":\"https:\/\/shop.girupis.lt\/shop\/noblelift-nb380-rankine-grindu-plovimo-masina\/#primaryimage\"},\"image\":{\"@id\":\"https:\/\/shop.girupis.lt\/shop\/noblelift-nb380-rankine-grindu-plovimo-masina\/#primaryimage\"},\"thumbnailUrl\":\"https:\/\/shop.girupis.lt\/wp-content\/uploads\/2024\/04\/NR380-be-fono.jpg\",\"datePublished\":\"2026-01-11T13:30:03+00:00\",\"dateModified\":\"2026-04-12T13:43:46+00:00\",\"description\":\"Naujoji Noblelift NB380 grind\u0173 plovimo kompakti\u0161ko ir sulankstomo dizaino sujungia na\u0161um\u0105 ir paprastum\u0105 sukurdama puik\u0173 \u012frank\u012f kasdieniams plovimo darbams.\",\"breadcrumb\":{\"@id\":\"https:\/\/shop.girupis.lt\/shop\/noblelift-nb380-rankine-grindu-plovimo-masina\/#breadcrumb\"},\"inLanguage\":\"lt-LT\",\"potentialAction\":[{\"@type\":\"ReadAction\",\"target\":[\"https:\/\/shop.girupis.lt\/shop\/noblelift-nb380-rankine-grindu-plovimo-masina\/\"]}]},{\"@type\":\"ImageObject\",\"inLanguage\":\"lt-LT\",\"@id\":\"https:\/\/shop.girupis.lt\/shop\/noblelift-nb380-rankine-grindu-plovimo-masina\/#primaryimage\",\"url\":\"https:\/\/shop.girupis.lt\/wp-content\/uploads\/2024\/04\/NR380-be-fono.jpg\",\"contentUrl\":\"https:\/\/shop.girupis.lt\/wp-content\/uploads\/2024\/04\/NR380-be-fono.jpg\",\"width\":851,\"height\":850,\"caption\":\"Noblelift NB380 grind\u0173 plovimo ma\u0161ina\"},{\"@type\":\"BreadcrumbList\",\"@id\":\"https:\/\/shop.girupis.lt\/shop\/noblelift-nb380-rankine-grindu-plovimo-masina\/#breadcrumb\",\"itemListElement\":[{\"@type\":\"ListItem\",\"position\":1,\"name\":\"Home\",\"item\":\"https:\/\/shop.girupis.lt\/\"},{\"@type\":\"ListItem\",\"position\":2,\"name\":\"Parduotuv\u0117\",\"item\":\"https:\/\/shop.girupis.lt\/parduotuve\/\"},{\"@type\":\"ListItem\",\"position\":3,\"name\":\"Noblelift NB380 rankin\u0117 grind\u0173 plovimo ma\u0161ina\"}]},{\"@type\":\"WebSite\",\"@id\":\"https:\/\/shop.girupis.lt\/lt\/#website\",\"url\":\"https:\/\/shop.girupis.lt\/lt\/\",\"name\":\"shop.girupis.lt\",\"description\":\"\",\"publisher\":{\"@id\":\"https:\/\/shop.girupis.lt\/lt\/#organization\"},\"potentialAction\":[{\"@type\":\"SearchAction\",\"target\":{\"@type\":\"EntryPoint\",\"urlTemplate\":\"https:\/\/shop.girupis.lt\/lt\/?s={search_term_string}\"},\"query-input\":{\"@type\":\"PropertyValueSpecification\",\"valueRequired\":true,\"valueName\":\"search_term_string\"}}],\"inLanguage\":\"lt-LT\"},{\"@type\":\"Organization\",\"@id\":\"https:\/\/shop.girupis.lt\/lt\/#organization\",\"name\":\"Girupis.lt\",\"url\":\"https:\/\/shop.girupis.lt\/lt\/\",\"logo\":{\"@type\":\"ImageObject\",\"inLanguage\":\"lt-LT\",\"@id\":\"https:\/\/shop.girupis.lt\/lt\/#\/schema\/logo\/image\/\",\"url\":\"https:\/\/shop.girupis.lt\/wp-content\/uploads\/2023\/06\/girupis_logo_permatomas.png\",\"contentUrl\":\"https:\/\/shop.girupis.lt\/wp-content\/uploads\/2023\/06\/girupis_logo_permatomas.png\",\"width\":1772,\"height\":317,\"caption\":\"Girupis.lt\"},\"image\":{\"@id\":\"https:\/\/shop.girupis.lt\/lt\/#\/schema\/logo\/image\/\"},\"sameAs\":[\"https:\/\/www.facebook.com\/girupis.lt\/\"]}]}<\/script>\n<!-- \/ Yoast SEO plugin. -->","yoast_head_json":{"title":"Noblelift NB380 rankin\u0117 grind\u0173 plovimo ma\u0161ina - shop.girupis.lt","description":"Naujoji Noblelift NB380 grind\u0173 plovimo kompakti\u0161ko ir sulankstomo dizaino sujungia na\u0161um\u0105 ir paprastum\u0105 sukurdama puik\u0173 \u012frank\u012f kasdieniams plovimo darbams.","robots":{"index":"index","follow":"follow","max-snippet":"max-snippet:-1","max-image-preview":"max-image-preview:large","max-video-preview":"max-video-preview:-1"},"canonical":"https:\/\/shop.girupis.lt\/lt\/shop\/noblelift-nb380-rankine-grindu-plovimo-masina\/","og_locale":"lt_LT","og_type":"article","og_title":"Noblelift NB380 rankin\u0117 grind\u0173 plovimo ma\u0161ina - shop.girupis.lt","og_description":"Naujoji Noblelift NB380 grind\u0173 plovimo kompakti\u0161ko ir sulankstomo dizaino sujungia na\u0161um\u0105 ir paprastum\u0105 sukurdama puik\u0173 \u012frank\u012f kasdieniams plovimo darbams.","og_url":"https:\/\/shop.girupis.lt\/lt\/shop\/noblelift-nb380-rankine-grindu-plovimo-masina\/","og_site_name":"shop.girupis.lt","article_publisher":"https:\/\/www.facebook.com\/girupis.lt\/","article_modified_time":"2026-04-12T13:43:46+00:00","og_image":[{"width":851,"height":850,"url":"https:\/\/shop.girupis.lt\/wp-content\/uploads\/2024\/04\/NR380-be-fono.jpg","type":"image\/jpeg"}],"twitter_card":"summary_large_image","twitter_misc":{"Est. reading time":"2 minut\u0117s"},"schema":{"@context":"https:\/\/schema.org","@graph":[{"@type":"WebPage","@id":"https:\/\/shop.girupis.lt\/shop\/noblelift-nb380-rankine-grindu-plovimo-masina\/","url":"https:\/\/shop.girupis.lt\/shop\/noblelift-nb380-rankine-grindu-plovimo-masina\/","name":"Noblelift NB380 rankin\u0117 grind\u0173 plovimo ma\u0161ina - shop.girupis.lt","isPartOf":{"@id":"https:\/\/shop.girupis.lt\/lt\/#website"},"primaryImageOfPage":{"@id":"https:\/\/shop.girupis.lt\/shop\/noblelift-nb380-rankine-grindu-plovimo-masina\/#primaryimage"},"image":{"@id":"https:\/\/shop.girupis.lt\/shop\/noblelift-nb380-rankine-grindu-plovimo-masina\/#primaryimage"},"thumbnailUrl":"https:\/\/shop.girupis.lt\/wp-content\/uploads\/2024\/04\/NR380-be-fono.jpg","datePublished":"2026-01-11T13:30:03+00:00","dateModified":"2026-04-12T13:43:46+00:00","description":"Naujoji Noblelift NB380 grind\u0173 plovimo kompakti\u0161ko ir sulankstomo dizaino sujungia na\u0161um\u0105 ir paprastum\u0105 sukurdama puik\u0173 \u012frank\u012f kasdieniams plovimo darbams.","breadcrumb":{"@id":"https:\/\/shop.girupis.lt\/shop\/noblelift-nb380-rankine-grindu-plovimo-masina\/#breadcrumb"},"inLanguage":"lt-LT","potentialAction":[{"@type":"ReadAction","target":["https:\/\/shop.girupis.lt\/shop\/noblelift-nb380-rankine-grindu-plovimo-masina\/"]}]},{"@type":"ImageObject","inLanguage":"lt-LT","@id":"https:\/\/shop.girupis.lt\/shop\/noblelift-nb380-rankine-grindu-plovimo-masina\/#primaryimage","url":"https:\/\/shop.girupis.lt\/wp-content\/uploads\/2024\/04\/NR380-be-fono.jpg","contentUrl":"https:\/\/shop.girupis.lt\/wp-content\/uploads\/2024\/04\/NR380-be-fono.jpg","width":851,"height":850,"caption":"Noblelift NB380 grind\u0173 plovimo ma\u0161ina"},{"@type":"BreadcrumbList","@id":"https:\/\/shop.girupis.lt\/shop\/noblelift-nb380-rankine-grindu-plovimo-masina\/#breadcrumb","itemListElement":[{"@type":"ListItem","position":1,"name":"Home","item":"https:\/\/shop.girupis.lt\/"},{"@type":"ListItem","position":2,"name":"Parduotuv\u0117","item":"https:\/\/shop.girupis.lt\/parduotuve\/"},{"@type":"ListItem","position":3,"name":"Noblelift NB380 rankin\u0117 grind\u0173 plovimo ma\u0161ina"}]},{"@type":"WebSite","@id":"https:\/\/shop.girupis.lt\/lt\/#website","url":"https:\/\/shop.girupis.lt\/lt\/","name":"shop.girupis.lt","description":"","publisher":{"@id":"https:\/\/shop.girupis.lt\/lt\/#organization"},"potentialAction":[{"@type":"SearchAction","target":{"@type":"EntryPoint","urlTemplate":"https:\/\/shop.girupis.lt\/lt\/?s={search_term_string}"},"query-input":{"@type":"PropertyValueSpecification","valueRequired":true,"valueName":"search_term_string"}}],"inLanguage":"lt-LT"},{"@type":"Organization","@id":"https:\/\/shop.girupis.lt\/lt\/#organization","name":"Girupis.lt","url":"https:\/\/shop.girupis.lt\/lt\/","logo":{"@type":"ImageObject","inLanguage":"lt-LT","@id":"https:\/\/shop.girupis.lt\/lt\/#\/schema\/logo\/image\/","url":"https:\/\/shop.girupis.lt\/wp-content\/uploads\/2023\/06\/girupis_logo_permatomas.png","contentUrl":"https:\/\/shop.girupis.lt\/wp-content\/uploads\/2023\/06\/girupis_logo_permatomas.png","width":1772,"height":317,"caption":"Girupis.lt"},"image":{"@id":"https:\/\/shop.girupis.lt\/lt\/#\/schema\/logo\/image\/"},"sameAs":["https:\/\/www.facebook.com\/girupis.lt\/"]}]}},"jetpack_sharing_enabled":true,"_links":{"self":[{"href":"https:\/\/shop.girupis.lt\/lt\/wp-json\/wp\/v2\/product\/6364","targetHints":{"allow":["GET"]}}],"collection":[{"href":"https:\/\/shop.girupis.lt\/lt\/wp-json\/wp\/v2\/product"}],"about":[{"href":"https:\/\/shop.girupis.lt\/lt\/wp-json\/wp\/v2\/types\/product"}],"wp:featuredmedia":[{"embeddable":true,"href":"https:\/\/shop.girupis.lt\/lt\/wp-json\/wp\/v2\/media\/6374"}],"wp:attachment":[{"href":"https:\/\/shop.girupis.lt\/lt\/wp-json\/wp\/v2\/media?parent=6364"}],"wp:term":[{"taxonomy":"product_brand","embeddable":true,"href":"https:\/\/shop.girupis.lt\/lt\/wp-json\/wp\/v2\/product_brand?post=6364"},{"taxonomy":"product_cat","embeddable":true,"href":"https:\/\/shop.girupis.lt\/lt\/wp-json\/wp\/v2\/product_cat?post=6364"},{"taxonomy":"product_tag","embeddable":true,"href":"https:\/\/shop.girupis.lt\/lt\/wp-json\/wp\/v2\/product_tag?post=6364"}],"curies":[{"name":"wp","href":"https:\/\/api.w.org\/{rel}","templated":true}]}}