{"id":9335,"date":"2025-07-08T09:44:01","date_gmt":"2025-07-08T09:44:01","guid":{"rendered":"https:\/\/shop.girupis.lt\/shop\/pasukamas-ratukas-be-stabdzio-125x45-mm-183512-apkrova-iki-600-kg\/"},"modified":"2025-07-16T12:21:17","modified_gmt":"2025-07-16T12:21:17","slug":"pasukamas-ratukas-be-stabdzio-125x45-mm-183512-apkrova-iki-600-kg","status":"publish","type":"product","link":"https:\/\/shop.girupis.lt\/lt\/shop\/pasukamas-ratukas-be-stabdzio-125x45-mm-183512-apkrova-iki-600-kg\/","title":{"rendered":"Pasukamas ratukas (be stabd\u017eio) 125&#215;45 mm, 183512, apkrova &#8211; iki 600 kg"},"content":{"rendered":"<p>Esant poreikiui, rekomenduojame kartu komplektuoti 183512, 183513 arba 183515<\/p>\n","protected":false},"excerpt":{"rendered":"<p>Wicke KS serija &#8211; sustiprinti ratukai ir sistemos, skirtos didesn\u0117ms apkrovoms ir intensyvesniems darbams. Pasi\u017eymi ma\u017eu pasiprie\u0161inimu judant, geromis mechanin\u0117mis savyb\u0117mis, atspar\u016bs dilimui, netepa, atspar\u016bs daugelio chemini\u0173 med\u017eiag\u0173 poveikiui.<\/p>\n","protected":false},"featured_media":9512,"template":"","meta":{"_acf_changed":false,"_monsterinsights_skip_tracking":false,"_monsterinsights_sitenote_active":false,"_monsterinsights_sitenote_note":"","_monsterinsights_sitenote_category":0,"_uf_show_specific_survey":0,"_uf_disable_surveys":false},"product_brand":[],"product_cat":[171],"product_tag":[],"class_list":{"0":"post-9335","1":"product","2":"type-product","3":"status-publish","4":"has-post-thumbnail","6":"product_cat-ks-ir-kn-ratuku-sistemos-su-poliamidiniais-ratukais","7":"product_shipping_class-wicke","9":"first","10":"onbackorder","11":"taxable","12":"shipping-taxable","13":"purchasable","14":"product-type-simple"},"acf":[],"yoast_head":"<!-- This site is optimized with the Yoast SEO plugin v27.2 - https:\/\/yoast.com\/product\/yoast-seo-wordpress\/ -->\n<title>Pasukamas ratukas (be stabd\u017eio) 125x45 mm, 183512, apkrova - iki 600 kg - shop.girupis.lt<\/title>\n<meta name=\"description\" content=\"Pasukamas ratukas (be stabd\u017eio) 125x45 mm, 183512, apkrova - iki 600 kg\" \/>\n<meta name=\"robots\" content=\"index, follow, max-snippet:-1, max-image-preview:large, max-video-preview:-1\" \/>\n<link rel=\"canonical\" href=\"https:\/\/shop.girupis.lt\/lt\/shop\/pasukamas-ratukas-be-stabdzio-125x45-mm-183512-apkrova-iki-600-kg\/\" \/>\n<meta property=\"og:locale\" content=\"lt_LT\" \/>\n<meta property=\"og:type\" content=\"article\" \/>\n<meta property=\"og:title\" content=\"Pasukamas ratukas (be stabd\u017eio) 125x45 mm, 183512, apkrova - iki 600 kg - shop.girupis.lt\" \/>\n<meta property=\"og:description\" content=\"Pasukamas ratukas (be stabd\u017eio) 125x45 mm, 183512, apkrova - iki 600 kg\" \/>\n<meta property=\"og:url\" content=\"https:\/\/shop.girupis.lt\/lt\/shop\/pasukamas-ratukas-be-stabdzio-125x45-mm-183512-apkrova-iki-600-kg\/\" \/>\n<meta property=\"og:site_name\" content=\"shop.girupis.lt\" \/>\n<meta property=\"article:publisher\" content=\"https:\/\/www.facebook.com\/girupis.lt\/\" \/>\n<meta property=\"article:modified_time\" content=\"2025-07-16T12:21:17+00:00\" \/>\n<meta property=\"og:image\" content=\"https:\/\/shop.girupis.lt\/wp-content\/uploads\/2025\/07\/183512.png\" \/>\n\t<meta property=\"og:image:width\" content=\"500\" \/>\n\t<meta property=\"og:image:height\" content=\"500\" \/>\n\t<meta property=\"og:image:type\" content=\"image\/png\" \/>\n<meta name=\"twitter:card\" content=\"summary_large_image\" \/>\n<meta name=\"twitter:label1\" content=\"Est. reading time\" \/>\n\t<meta name=\"twitter:data1\" content=\"1 minut\u0117\" \/>\n<script type=\"application\/ld+json\" class=\"yoast-schema-graph\">{\"@context\":\"https:\/\/schema.org\",\"@graph\":[{\"@type\":\"WebPage\",\"@id\":\"https:\/\/shop.girupis.lt\/shop\/pasukamas-ratukas-be-stabdzio-125x45-mm-183512-apkrova-iki-600-kg\/\",\"url\":\"https:\/\/shop.girupis.lt\/shop\/pasukamas-ratukas-be-stabdzio-125x45-mm-183512-apkrova-iki-600-kg\/\",\"name\":\"Pasukamas ratukas (be stabd\u017eio) 125x45 mm, 183512, apkrova - iki 600 kg - shop.girupis.lt\",\"isPartOf\":{\"@id\":\"https:\/\/shop.girupis.lt\/lt\/#website\"},\"primaryImageOfPage\":{\"@id\":\"https:\/\/shop.girupis.lt\/shop\/pasukamas-ratukas-be-stabdzio-125x45-mm-183512-apkrova-iki-600-kg\/#primaryimage\"},\"image\":{\"@id\":\"https:\/\/shop.girupis.lt\/shop\/pasukamas-ratukas-be-stabdzio-125x45-mm-183512-apkrova-iki-600-kg\/#primaryimage\"},\"thumbnailUrl\":\"https:\/\/shop.girupis.lt\/wp-content\/uploads\/2025\/07\/183512.png\",\"datePublished\":\"2025-07-08T09:44:01+00:00\",\"dateModified\":\"2025-07-16T12:21:17+00:00\",\"description\":\"Pasukamas ratukas (be stabd\u017eio) 125x45 mm, 183512, apkrova - iki 600 kg\",\"breadcrumb\":{\"@id\":\"https:\/\/shop.girupis.lt\/shop\/pasukamas-ratukas-be-stabdzio-125x45-mm-183512-apkrova-iki-600-kg\/#breadcrumb\"},\"inLanguage\":\"lt-LT\",\"potentialAction\":[{\"@type\":\"ReadAction\",\"target\":[\"https:\/\/shop.girupis.lt\/shop\/pasukamas-ratukas-be-stabdzio-125x45-mm-183512-apkrova-iki-600-kg\/\"]}]},{\"@type\":\"ImageObject\",\"inLanguage\":\"lt-LT\",\"@id\":\"https:\/\/shop.girupis.lt\/shop\/pasukamas-ratukas-be-stabdzio-125x45-mm-183512-apkrova-iki-600-kg\/#primaryimage\",\"url\":\"https:\/\/shop.girupis.lt\/wp-content\/uploads\/2025\/07\/183512.png\",\"contentUrl\":\"https:\/\/shop.girupis.lt\/wp-content\/uploads\/2025\/07\/183512.png\",\"width\":500,\"height\":500},{\"@type\":\"BreadcrumbList\",\"@id\":\"https:\/\/shop.girupis.lt\/shop\/pasukamas-ratukas-be-stabdzio-125x45-mm-183512-apkrova-iki-600-kg\/#breadcrumb\",\"itemListElement\":[{\"@type\":\"ListItem\",\"position\":1,\"name\":\"Home\",\"item\":\"https:\/\/shop.girupis.lt\/\"},{\"@type\":\"ListItem\",\"position\":2,\"name\":\"Parduotuv\u0117\",\"item\":\"https:\/\/shop.girupis.lt\/parduotuve\/\"},{\"@type\":\"ListItem\",\"position\":3,\"name\":\"Pasukamas ratukas (be stabd\u017eio) 125&#215;45 mm, 183512, apkrova &#8211; iki 600 kg\"}]},{\"@type\":\"WebSite\",\"@id\":\"https:\/\/shop.girupis.lt\/lt\/#website\",\"url\":\"https:\/\/shop.girupis.lt\/lt\/\",\"name\":\"shop.girupis.lt\",\"description\":\"\",\"publisher\":{\"@id\":\"https:\/\/shop.girupis.lt\/lt\/#organization\"},\"potentialAction\":[{\"@type\":\"SearchAction\",\"target\":{\"@type\":\"EntryPoint\",\"urlTemplate\":\"https:\/\/shop.girupis.lt\/lt\/?s={search_term_string}\"},\"query-input\":{\"@type\":\"PropertyValueSpecification\",\"valueRequired\":true,\"valueName\":\"search_term_string\"}}],\"inLanguage\":\"lt-LT\"},{\"@type\":\"Organization\",\"@id\":\"https:\/\/shop.girupis.lt\/lt\/#organization\",\"name\":\"Girupis.lt\",\"url\":\"https:\/\/shop.girupis.lt\/lt\/\",\"logo\":{\"@type\":\"ImageObject\",\"inLanguage\":\"lt-LT\",\"@id\":\"https:\/\/shop.girupis.lt\/lt\/#\/schema\/logo\/image\/\",\"url\":\"https:\/\/shop.girupis.lt\/wp-content\/uploads\/2023\/06\/girupis_logo_permatomas.png\",\"contentUrl\":\"https:\/\/shop.girupis.lt\/wp-content\/uploads\/2023\/06\/girupis_logo_permatomas.png\",\"width\":1772,\"height\":317,\"caption\":\"Girupis.lt\"},\"image\":{\"@id\":\"https:\/\/shop.girupis.lt\/lt\/#\/schema\/logo\/image\/\"},\"sameAs\":[\"https:\/\/www.facebook.com\/girupis.lt\/\"]}]}<\/script>\n<!-- \/ Yoast SEO plugin. -->","yoast_head_json":{"title":"Pasukamas ratukas (be stabd\u017eio) 125x45 mm, 183512, apkrova - iki 600 kg - shop.girupis.lt","description":"Pasukamas ratukas (be stabd\u017eio) 125x45 mm, 183512, apkrova - iki 600 kg","robots":{"index":"index","follow":"follow","max-snippet":"max-snippet:-1","max-image-preview":"max-image-preview:large","max-video-preview":"max-video-preview:-1"},"canonical":"https:\/\/shop.girupis.lt\/lt\/shop\/pasukamas-ratukas-be-stabdzio-125x45-mm-183512-apkrova-iki-600-kg\/","og_locale":"lt_LT","og_type":"article","og_title":"Pasukamas ratukas (be stabd\u017eio) 125x45 mm, 183512, apkrova - iki 600 kg - shop.girupis.lt","og_description":"Pasukamas ratukas (be stabd\u017eio) 125x45 mm, 183512, apkrova - iki 600 kg","og_url":"https:\/\/shop.girupis.lt\/lt\/shop\/pasukamas-ratukas-be-stabdzio-125x45-mm-183512-apkrova-iki-600-kg\/","og_site_name":"shop.girupis.lt","article_publisher":"https:\/\/www.facebook.com\/girupis.lt\/","article_modified_time":"2025-07-16T12:21:17+00:00","og_image":[{"width":500,"height":500,"url":"https:\/\/shop.girupis.lt\/wp-content\/uploads\/2025\/07\/183512.png","type":"image\/png"}],"twitter_card":"summary_large_image","twitter_misc":{"Est. reading time":"1 minut\u0117"},"schema":{"@context":"https:\/\/schema.org","@graph":[{"@type":"WebPage","@id":"https:\/\/shop.girupis.lt\/shop\/pasukamas-ratukas-be-stabdzio-125x45-mm-183512-apkrova-iki-600-kg\/","url":"https:\/\/shop.girupis.lt\/shop\/pasukamas-ratukas-be-stabdzio-125x45-mm-183512-apkrova-iki-600-kg\/","name":"Pasukamas ratukas (be stabd\u017eio) 125x45 mm, 183512, apkrova - iki 600 kg - shop.girupis.lt","isPartOf":{"@id":"https:\/\/shop.girupis.lt\/lt\/#website"},"primaryImageOfPage":{"@id":"https:\/\/shop.girupis.lt\/shop\/pasukamas-ratukas-be-stabdzio-125x45-mm-183512-apkrova-iki-600-kg\/#primaryimage"},"image":{"@id":"https:\/\/shop.girupis.lt\/shop\/pasukamas-ratukas-be-stabdzio-125x45-mm-183512-apkrova-iki-600-kg\/#primaryimage"},"thumbnailUrl":"https:\/\/shop.girupis.lt\/wp-content\/uploads\/2025\/07\/183512.png","datePublished":"2025-07-08T09:44:01+00:00","dateModified":"2025-07-16T12:21:17+00:00","description":"Pasukamas ratukas (be stabd\u017eio) 125x45 mm, 183512, apkrova - iki 600 kg","breadcrumb":{"@id":"https:\/\/shop.girupis.lt\/shop\/pasukamas-ratukas-be-stabdzio-125x45-mm-183512-apkrova-iki-600-kg\/#breadcrumb"},"inLanguage":"lt-LT","potentialAction":[{"@type":"ReadAction","target":["https:\/\/shop.girupis.lt\/shop\/pasukamas-ratukas-be-stabdzio-125x45-mm-183512-apkrova-iki-600-kg\/"]}]},{"@type":"ImageObject","inLanguage":"lt-LT","@id":"https:\/\/shop.girupis.lt\/shop\/pasukamas-ratukas-be-stabdzio-125x45-mm-183512-apkrova-iki-600-kg\/#primaryimage","url":"https:\/\/shop.girupis.lt\/wp-content\/uploads\/2025\/07\/183512.png","contentUrl":"https:\/\/shop.girupis.lt\/wp-content\/uploads\/2025\/07\/183512.png","width":500,"height":500},{"@type":"BreadcrumbList","@id":"https:\/\/shop.girupis.lt\/shop\/pasukamas-ratukas-be-stabdzio-125x45-mm-183512-apkrova-iki-600-kg\/#breadcrumb","itemListElement":[{"@type":"ListItem","position":1,"name":"Home","item":"https:\/\/shop.girupis.lt\/"},{"@type":"ListItem","position":2,"name":"Parduotuv\u0117","item":"https:\/\/shop.girupis.lt\/parduotuve\/"},{"@type":"ListItem","position":3,"name":"Pasukamas ratukas (be stabd\u017eio) 125&#215;45 mm, 183512, apkrova &#8211; iki 600 kg"}]},{"@type":"WebSite","@id":"https:\/\/shop.girupis.lt\/lt\/#website","url":"https:\/\/shop.girupis.lt\/lt\/","name":"shop.girupis.lt","description":"","publisher":{"@id":"https:\/\/shop.girupis.lt\/lt\/#organization"},"potentialAction":[{"@type":"SearchAction","target":{"@type":"EntryPoint","urlTemplate":"https:\/\/shop.girupis.lt\/lt\/?s={search_term_string}"},"query-input":{"@type":"PropertyValueSpecification","valueRequired":true,"valueName":"search_term_string"}}],"inLanguage":"lt-LT"},{"@type":"Organization","@id":"https:\/\/shop.girupis.lt\/lt\/#organization","name":"Girupis.lt","url":"https:\/\/shop.girupis.lt\/lt\/","logo":{"@type":"ImageObject","inLanguage":"lt-LT","@id":"https:\/\/shop.girupis.lt\/lt\/#\/schema\/logo\/image\/","url":"https:\/\/shop.girupis.lt\/wp-content\/uploads\/2023\/06\/girupis_logo_permatomas.png","contentUrl":"https:\/\/shop.girupis.lt\/wp-content\/uploads\/2023\/06\/girupis_logo_permatomas.png","width":1772,"height":317,"caption":"Girupis.lt"},"image":{"@id":"https:\/\/shop.girupis.lt\/lt\/#\/schema\/logo\/image\/"},"sameAs":["https:\/\/www.facebook.com\/girupis.lt\/"]}]}},"jetpack_sharing_enabled":true,"_links":{"self":[{"href":"https:\/\/shop.girupis.lt\/lt\/wp-json\/wp\/v2\/product\/9335","targetHints":{"allow":["GET"]}}],"collection":[{"href":"https:\/\/shop.girupis.lt\/lt\/wp-json\/wp\/v2\/product"}],"about":[{"href":"https:\/\/shop.girupis.lt\/lt\/wp-json\/wp\/v2\/types\/product"}],"wp:featuredmedia":[{"embeddable":true,"href":"https:\/\/shop.girupis.lt\/lt\/wp-json\/wp\/v2\/media\/9512"}],"wp:attachment":[{"href":"https:\/\/shop.girupis.lt\/lt\/wp-json\/wp\/v2\/media?parent=9335"}],"wp:term":[{"taxonomy":"product_brand","embeddable":true,"href":"https:\/\/shop.girupis.lt\/lt\/wp-json\/wp\/v2\/product_brand?post=9335"},{"taxonomy":"product_cat","embeddable":true,"href":"https:\/\/shop.girupis.lt\/lt\/wp-json\/wp\/v2\/product_cat?post=9335"},{"taxonomy":"product_tag","embeddable":true,"href":"https:\/\/shop.girupis.lt\/lt\/wp-json\/wp\/v2\/product_tag?post=9335"}],"curies":[{"name":"wp","href":"https:\/\/api.w.org\/{rel}","templated":true}]}}